{"id":87,"date":"2016-08-09T14:09:04","date_gmt":"2016-08-09T14:09:04","guid":{"rendered":"http:\/\/flatsome.dev\/?page_id=8538"},"modified":"2023-10-11T06:35:07","modified_gmt":"2023-10-11T12:35:07","slug":"home-2","status":"publish","type":"page","link":"https:\/\/www.denimville.com\/","title":{"rendered":"Home"},"content":{"rendered":"\n  <div class=\"banner has-hover has-video is-full-height\" id=\"banner-447288476\">\n          <div class=\"banner-inner fill\">\n        <div class=\"banner-bg fill\" >\n            <div class=\"bg fill bg-fill \"><\/div>\n            \t<div class=\"video-overlay no-click fill visible\"><\/div>\n\t<video class=\"video-bg fill visible\" preload playsinline autoplay\n\t\tmuted\t\tloop>\n\t\t<source src=\"wp-content\/uploads\/2023\/09\/logo-denim-para-publicaciones-1.mp4\" type=\"video\/mp4\">\t<\/video>\n            <div class=\"overlay\"><\/div>            \n                    <\/div>\n\t\t\n        <div class=\"banner-layers container\">\n            <div class=\"fill banner-link\"><\/div>            \n   <div id=\"text-box-1551632794\" class=\"text-box banner-layer x50 md-x50 lg-x50 y50 md-y50 lg-y50 res-text\">\n                                <div class=\"text-box-content text dark\">\n              \n              <div class=\"text-inner text-center\">\n                  \n              <\/div>\n           <\/div>\n                            \n<style>\n#text-box-1551632794 {\n  width: 78%;\n}\n#text-box-1551632794 .text-box-content {\n  font-size: 125%;\n}\n@media (min-width:550px) {\n  #text-box-1551632794 {\n    width: 45%;\n  }\n  #text-box-1551632794 .text-box-content {\n    font-size: 100%;\n  }\n}\n<\/style>\n    <\/div>\n \n        <\/div>\n      <\/div>\n\n            \n<style>\n#banner-447288476 {\n  padding-top: 100%;\n}\n#banner-447288476 .bg.bg-loaded {\n  background-image: 923;\n}\n#banner-447288476 .overlay {\n  background-color: rgba(0, 0, 0, 0.17);\n}\n#banner-447288476 .bg {\n  background-position: 6% 15%;\n}\n#banner-447288476 .ux-shape-divider--top svg {\n  height: 150px;\n  --divider-top-width: 100%;\n}\n#banner-447288476 .ux-shape-divider--bottom svg {\n  height: 150px;\n  --divider-width: 100%;\n}\n<\/style>\n  <\/div>\n\n\n<div class=\"row align-middle align-center\"  id=\"row-842558715\">\n\n\t<div id=\"col-1875354414\" class=\"col medium-9 small-12 large-9\"  >\n\t\t\t\t<div class=\"col-inner\"  >\n\t\t\t\n\t\t\t\n\t<div id=\"text-3665684288\" class=\"text\">\n\t\t\n<p>DENIMVILLE<br \/>\n is a producer of fashion denim jeans based in Guatemala City.<br \/>\n We are a vehicle for premiere brands and retailers to quickly bring innovative,<br \/>\n fashion-right products to market.<\/p>\n<p>We offer our customers vertically integrated solutions<br \/>\n \u201cfrom the ground up.\u201d<br \/>\n Our specialized dry and wet processing capabilities, as well as our focus on fit and construction details of our jeans,<br \/>\n give our customers an advantage in this ever- changing fashion denim marketplace.<\/p>\n\t\t\n<style>\n#text-3665684288 {\n  text-align: center;\n}\n<\/style>\n\t<\/div>\n\t\n\t\t<\/div>\n\t\t\t\t\n<style>\n#col-1875354414 > .col-inner {\n  padding: 70px 0px 70px 0px;\n}\n<\/style>\n\t<\/div>\n\n\t\n<\/div>\n<div class=\"row\"  id=\"row-1386308256\">\n\n\t<div id=\"col-775478608\" class=\"col small-12 large-12\"  >\n\t\t\t\t<div class=\"col-inner\"  >\n\t\t\t\n\t\t\t\n<div class=\"container section-title-container\" ><h3 class=\"section-title section-title-bold-center\"><b><\/b><span class=\"section-title-main\" >blog<\/span><b><\/b><\/h3><\/div>\n\n  \n    <div class=\"row large-columns-3 medium-columns-1 small-columns-1\">\n  <div class=\"col post-item\" >\n\t\t\t<div class=\"col-inner\">\n\t\t\t<a href=\"https:\/\/www.denimville.com\/index.php\/igrovye-avtomaty-igrat-besplatno-nikakikh-registratsii\/\" class=\"plain\">\n\t\t\t\t<div class=\"box box-normal box-text-bottom box-blog-post has-hover\">\n          \t\t\t\t\t<div class=\"box-text text-center\" >\n\t\t\t\t\t<div class=\"box-text-inner blog-post-inner\">\n\n\t\t\t\t\t\n\t\t\t\t\t\t\t\t\t\t<h5 class=\"post-title is-large \">\u0418\u0433\u0440\u043e\u0432\u044b\u0435 \u0410\u0432\u0442\u043e\u043c\u0430\u0442\u044b \u0418\u0433\u0440\u0430\u0442\u044c \u0411\u0435\u0441\u043f\u043b\u0430\u0442\u043d\u043e \u043d\u0438\u043a\u0430\u043a\u0438\u0445 \u0420\u0435\u0433\u0438\u0441\u0442\u0440\u0430\u0446\u0438\u0438<\/h5>\n\t\t\t\t\t<div class=\"post-meta is-small op-8\">March 29, 2025<\/div>\t\t\t\t\t<div class=\"is-divider\"><\/div>\n\t\t\t\t\t\t\t\t\t\t<p class=\"from_the_blog_excerpt \">\u0418\u0433\u0440\u043e\u0432\u044b\u0435 \u0410\u0432\u0442\u043e\u043c\u0430\u0442\u044b \u041e\u043d\u043b\u0430\u0439\u043d \u0411\u0435\u0441\u043f\u043b\u0430\u0442\u043d\u043e \u0418 \u043a\u0440\u043e\u043c\u0435 \u0420\u0435\u0433\u0438\u0441\u0442\u0440\u0430\u0446\u0438\u0438 \u0418\u0433\u0440\u0430\u0442\u044c \u0436\u0435 \u0421\u043b\u043e\u0442\u044b Content \u0421\u043b\u043e\u0442\u0438 \u0411\u0435\u0441\u043f\u043b\u0430\u0442\u043d\u044b\u0435 \u0418\u0433\u0440\u043e\u0432\u044b\u0435 \u0410\u0432\u0442\u043e\u043c\u0430\u0442\u044b...\t\t\t\t\t<\/p>\n\t\t\t\t\t                    \n\t\t\t\t\t\n\t\t\t\t\t\n\t\t\t\t\t<\/div>\n\t\t\t\t\t<\/div>\n\t\t\t\t\t\t\t\t\t<\/div>\n\t\t\t\t<\/a>\n\t\t\t<\/div>\n\t\t<\/div><div class=\"col post-item\" >\n\t\t\t<div class=\"col-inner\">\n\t\t\t<a href=\"https:\/\/www.denimville.com\/index.php\/vulkan-vegas-mobilnoe-prilozhenie-kazino-skachaite-seichas-2\/\" class=\"plain\">\n\t\t\t\t<div class=\"box box-normal box-text-bottom box-blog-post has-hover\">\n          \t\t\t\t\t<div class=\"box-text text-center\" >\n\t\t\t\t\t<div class=\"box-text-inner blog-post-inner\">\n\n\t\t\t\t\t\n\t\t\t\t\t\t\t\t\t\t<h5 class=\"post-title is-large \">Vulkan Vegas: \u041c\u043e\u0431\u0438\u043b\u044c\u043d\u043e\u0435 \u041f\u0440\u0438\u043b\u043e\u0436\u0435\u043d\u0438\u0435 \u041a\u0430\u0437\u0438\u043d\u043e \u0421\u043a\u0430\u0447\u0430\u0439\u0442\u0435 \u0421\u0435\u0439\u0447\u0430\u0441!<\/h5>\n\t\t\t\t\t<div class=\"post-meta is-small op-8\">March 27, 2025<\/div>\t\t\t\t\t<div class=\"is-divider\"><\/div>\n\t\t\t\t\t\t\t\t\t\t<p class=\"from_the_blog_excerpt \">Pin Up App \u0443\u0434\u043e\u0431\u043d\u043e\u0435 \u041f\u0440\u0438\u043b\u043e\u0436\u0435\u043d\u0438\u0435 \u0414\u043b\u044f \u041c\u043e\u0431\u0438\u043b\u044c\u043d\u043e\u0433\u043e \u041a\u0430\u0437\u0438\u043d\u043e Pin Up \u0418\u0433\u0440\u0430\u0439\u0442\u0435 \u0413\u0434\u0435 \u043b\u044e\u0431\u043e\u0433\u043e \u0418 \u041a\u043e\u0433\u0434\u0430...\t\t\t\t\t<\/p>\n\t\t\t\t\t                    \n\t\t\t\t\t\n\t\t\t\t\t\n\t\t\t\t\t<\/div>\n\t\t\t\t\t<\/div>\n\t\t\t\t\t\t\t\t\t<\/div>\n\t\t\t\t<\/a>\n\t\t\t<\/div>\n\t\t<\/div><div class=\"col post-item\" >\n\t\t\t<div class=\"col-inner\">\n\t\t\t<a href=\"https:\/\/www.denimville.com\/index.php\/aviator-oyna-aviator-oyunu-gercek-para-turkiyede-2025\/\" class=\"plain\">\n\t\t\t\t<div class=\"box box-normal box-text-bottom box-blog-post has-hover\">\n          \t\t\t\t\t<div class=\"box-text text-center\" >\n\t\t\t\t\t<div class=\"box-text-inner blog-post-inner\">\n\n\t\t\t\t\t\n\t\t\t\t\t\t\t\t\t\t<h5 class=\"post-title is-large \">Aviator Oyna \ufe0f Aviator Oyunu Ger\u00e7ek Para T\u00fcrkiye&#8217;de 2025<\/h5>\n\t\t\t\t\t<div class=\"post-meta is-small op-8\">March 27, 2025<\/div>\t\t\t\t\t<div class=\"is-divider\"><\/div>\n\t\t\t\t\t\t\t\t\t\t<p class=\"from_the_blog_excerpt \">Aviator Giri\u015f Siteleri Aviator Oyna G\u00fcvenilir Siteleri 2025 Content Ki\u015fisel Oyuncu Hesab\u0131 I\u015flevlerine Genel Bak\u0131\u015f...\t\t\t\t\t<\/p>\n\t\t\t\t\t                    \n\t\t\t\t\t\n\t\t\t\t\t\n\t\t\t\t\t<\/div>\n\t\t\t\t\t<\/div>\n\t\t\t\t\t\t\t\t\t<\/div>\n\t\t\t\t<\/a>\n\t\t\t<\/div>\n\t\t<\/div><\/div>\n\t\t<\/div>\n\t\t\t\t\n<style>\n#col-775478608 > .col-inner {\n  padding: 80px 0px 50px 0px;\n}\n<\/style>\n\t<\/div>\n\n\t\n<\/div>\n","protected":false},"excerpt":{"rendered":"","protected":false},"author":1,"featured_media":0,"parent":0,"menu_order":15,"comment_status":"closed","ping_status":"closed","template":"page-transparent-header-light.php","meta":{"footnotes":""},"class_list":["post-87","page","type-page","status-publish","hentry"],"_links":{"self":[{"href":"https:\/\/www.denimville.com\/index.php\/wp-json\/wp\/v2\/pages\/87","targetHints":{"allow":["GET"]}}],"collection":[{"href":"https:\/\/www.denimville.com\/index.php\/wp-json\/wp\/v2\/pages"}],"about":[{"href":"https:\/\/www.denimville.com\/index.php\/wp-json\/wp\/v2\/types\/page"}],"author":[{"embeddable":true,"href":"https:\/\/www.denimville.com\/index.php\/wp-json\/wp\/v2\/users\/1"}],"replies":[{"embeddable":true,"href":"https:\/\/www.denimville.com\/index.php\/wp-json\/wp\/v2\/comments?post=87"}],"version-history":[{"count":60,"href":"https:\/\/www.denimville.com\/index.php\/wp-json\/wp\/v2\/pages\/87\/revisions"}],"predecessor-version":[{"id":954,"href":"https:\/\/www.denimville.com\/index.php\/wp-json\/wp\/v2\/pages\/87\/revisions\/954"}],"wp:attachment":[{"href":"https:\/\/www.denimville.com\/index.php\/wp-json\/wp\/v2\/media?parent=87"}],"curies":[{"name":"wp","href":"https:\/\/api.w.org\/{rel}","templated":true}]}}